{"id":28174,"date":"2025-01-28T07:21:48","date_gmt":"2025-01-28T07:21:48","guid":{"rendered":"https:\/\/www.ramino.plus\/vantaggi-e-informazioni-sullabbonamento\/"},"modified":"2026-01-12T13:55:42","modified_gmt":"2026-01-12T13:55:42","slug":"vantaggi-e-informazioni-sullabbonamento","status":"publish","type":"page","link":"https:\/\/www.ramino.plus\/it\/vantaggi-e-informazioni-sullabbonamento\/","title":{"rendered":"Vantaggi e informazioni sull&#8217;abbonamento"},"content":{"rendered":"\t\t<div data-elementor-type=\"wp-page\" data-elementor-id=\"28174\" class=\"elementor elementor-28174 elementor-27875\">\n\t\t\t\t\t\t<section class=\"elementor-section elementor-top-section elementor-element elementor-element-eda5823 elementor-section-boxed elementor-section-height-default elementor-section-height-default sc_gradient_animation_none sc_fly_static\" data-id=\"eda5823\" data-element_type=\"section\" data-e-type=\"section\" data-settings=\"{&quot;background_background&quot;:&quot;gradient&quot;}\">\n\t\t\t\t\t\t<div class=\"elementor-container elementor-column-gap-extended\">\n\t\t\t\t\t<div class=\"elementor-column elementor-col-100 elementor-top-column elementor-element elementor-element-a6080d1 sc_inner_width_none sc_content_align_inherit sc_layouts_column_icons_position_left sc_gradient_animation_none sc_fly_static\" data-id=\"a6080d1\" data-element_type=\"column\" data-e-type=\"column\" data-settings=\"{&quot;background_background&quot;:&quot;gradient&quot;}\">\n\t\t\t<div class=\"elementor-widget-wrap elementor-element-populated\">\n\t\t\t\t\t\t<div class=\"elementor-element elementor-element-28d13cc elementor-widget__width-initial sc_fly_static elementor-widget elementor-widget-heading\" data-id=\"28d13cc\" data-element_type=\"widget\" data-e-type=\"widget\" data-widget_type=\"heading.default\">\n\t\t\t\t<div class=\"elementor-widget-container\">\n\t\t\t\t\t<h5 class=\"elementor-heading-title elementor-size-default\">Vantaggi e informazioni sull'abbonamento<\/h5>\t\t\t\t<\/div>\n\t\t\t\t<\/div>\n\t\t\t\t\t<\/div>\n\t\t<\/div>\n\t\t\t\t\t<\/div>\n\t\t<\/section>\n\t\t\t\t<section class=\"elementor-section elementor-top-section elementor-element elementor-element-26e028e0 elementor-section-boxed elementor-section-height-default elementor-section-height-default sc_fly_static\" data-id=\"26e028e0\" data-element_type=\"section\" data-e-type=\"section\">\n\t\t\t\t\t\t<div class=\"elementor-container elementor-column-gap-extended\">\n\t\t\t\t\t<div class=\"elementor-column elementor-col-100 elementor-top-column elementor-element elementor-element-705c8499 sc_inner_width_none sc_content_align_inherit sc_layouts_column_icons_position_left sc_fly_static\" data-id=\"705c8499\" data-element_type=\"column\" data-e-type=\"column\">\n\t\t\t<div class=\"elementor-widget-wrap elementor-element-populated\">\n\t\t\t\t\t\t<div class=\"elementor-element elementor-element-564a5eb2 sc_fly_static elementor-widget elementor-widget-spacer\" data-id=\"564a5eb2\" data-element_type=\"widget\" data-e-type=\"widget\" data-widget_type=\"spacer.default\">\n\t\t\t\t<div class=\"elementor-widget-container\">\n\t\t\t\t\t\t\t<div class=\"elementor-spacer\">\n\t\t\t<div class=\"elementor-spacer-inner\"><\/div>\n\t\t<\/div>\n\t\t\t\t\t\t<\/div>\n\t\t\t\t<\/div>\n\t\t\t\t\t<\/div>\n\t\t<\/div>\n\t\t\t\t\t<\/div>\n\t\t<\/section>\n\t\t\t\t<section class=\"elementor-section elementor-top-section elementor-element elementor-element-2bcb7096 elementor-section-boxed elementor-section-height-default elementor-section-height-default sc_fly_static\" data-id=\"2bcb7096\" data-element_type=\"section\" data-e-type=\"section\">\n\t\t\t\t\t\t<div class=\"elementor-container elementor-column-gap-extended\">\n\t\t\t\t\t<div class=\"elementor-column elementor-col-50 elementor-top-column elementor-element elementor-element-56d472ad sc_inner_width_none sc_content_align_inherit sc_layouts_column_icons_position_left sc_fly_static\" data-id=\"56d472ad\" data-element_type=\"column\" data-e-type=\"column\">\n\t\t\t<div class=\"elementor-widget-wrap elementor-element-populated\">\n\t\t\t\t\t\t<div class=\"elementor-element elementor-element-3d2b97f0 sc_fly_static elementor-widget elementor-widget-toggle\" data-id=\"3d2b97f0\" data-element_type=\"widget\" data-e-type=\"widget\" data-widget_type=\"toggle.default\">\n\t\t\t\t<div class=\"elementor-widget-container\">\n\t\t\t\t\t\t\t<div class=\"elementor-toggle\">\n\t\t\t\t\t\t\t<div class=\"elementor-toggle-item\">\n\t\t\t\t\t<div id=\"elementor-tab-title-1021\" class=\"elementor-tab-title\" data-tab=\"1\" role=\"button\" aria-controls=\"elementor-tab-content-1021\" aria-expanded=\"false\">\n\t\t\t\t\t\t\t\t\t\t\t\t<span class=\"elementor-toggle-icon elementor-toggle-icon-left\" aria-hidden=\"true\">\n\t\t\t\t\t\t\t\t\t\t\t\t\t\t\t<span class=\"elementor-toggle-icon-closed\"><i class=\"fas fa-caret-right\"><\/i><\/span>\n\t\t\t\t\t\t\t\t<span class=\"elementor-toggle-icon-opened\"><i class=\"elementor-toggle-icon-opened fas fa-caret-up\"><\/i><\/span>\n\t\t\t\t\t\t\t\t\t\t\t\t\t<\/span>\n\t\t\t\t\t\t\t\t\t\t\t\t<a class=\"elementor-toggle-title\" tabindex=\"0\">Quali sono i vantaggi dell'abbonamento? <\/a>\n\t\t\t\t\t<\/div>\n\n\t\t\t\t\t<div id=\"elementor-tab-content-1021\" class=\"elementor-tab-content elementor-clearfix\" data-tab=\"1\" role=\"region\" aria-labelledby=\"elementor-tab-title-1021\"><p>L&#8217;acquisto di un abbonamento sblocca automaticamente tutte le funzioni di Rummy Plus, offre partite illimitate e molto altro ancora:<\/p><ul><li>Partite illimitate<\/li><li>100 giocatori in lista amici (max 500)<\/li><li>25 giocatori in Blacklist (max 115)<\/li><li>Invia messaggi privati<\/li><li>Crea e personalizza i tavoli<\/li><li>Ottieni le ricompense per aver concluso le missioni personali<\/li><li>Silenzia i giocatori in partita<\/li><li>Ottieni 2 monete per ogni partita vinta<\/li><li>Visualizza le statistiche degli altri giocatori<\/li><li>Esperienza senza annunci<\/li><\/ul><p><em>Nota: l&#8217;abbonamento si rinnova automaticamente.<\/em><\/p><\/div>\n\t\t\t\t<\/div>\n\t\t\t\t\t\t\t<div class=\"elementor-toggle-item\">\n\t\t\t\t\t<div id=\"elementor-tab-title-1022\" class=\"elementor-tab-title\" data-tab=\"2\" role=\"button\" aria-controls=\"elementor-tab-content-1022\" aria-expanded=\"false\">\n\t\t\t\t\t\t\t\t\t\t\t\t<span class=\"elementor-toggle-icon elementor-toggle-icon-left\" aria-hidden=\"true\">\n\t\t\t\t\t\t\t\t\t\t\t\t\t\t\t<span class=\"elementor-toggle-icon-closed\"><i class=\"fas fa-caret-right\"><\/i><\/span>\n\t\t\t\t\t\t\t\t<span class=\"elementor-toggle-icon-opened\"><i class=\"elementor-toggle-icon-opened fas fa-caret-up\"><\/i><\/span>\n\t\t\t\t\t\t\t\t\t\t\t\t\t<\/span>\n\t\t\t\t\t\t\t\t\t\t\t\t<a class=\"elementor-toggle-title\" tabindex=\"0\">Come acquistare l\u2019abbonamento?<\/a>\n\t\t\t\t\t<\/div>\n\n\t\t\t\t\t<div id=\"elementor-tab-content-1022\" class=\"elementor-tab-content elementor-clearfix\" data-tab=\"2\" role=\"region\" aria-labelledby=\"elementor-tab-title-1022\"><p><span style=\"text-decoration: underline;\"><strong>Apple:<\/strong><\/span><\/p><p>Per acquistare l\u2019abbonamento \u00e8 necessario aver impostato un metodo di pagamento sul dispositivo.<\/p><p>Come aggiungere un metodo di pagamento su iPhone o iPad:<\/p><ol><li style=\"list-style-type: none;\"><ol><li style=\"list-style-type: none;\"><ol><li>Apri Impostazioni.<\/li><li>Tocca il tuo nome.<\/li><li>Tocca File multimediali e acquisti e poi tocca Visualizza account. Potrebbe venirti richiesto di accedere con il tuo ID Apple.<\/li><li>Tocca Gestisci pagamenti.<\/li><li>Tocca Aggiungi un metodo di pagamento.<\/li><li>Inserisci i dettagli del metodo di pagamento, quindi tocca Fine.<\/li><\/ol><\/li><\/ol><\/li><\/ol><p>Non appena il metodo di pagamento sar\u00e0 impostato sul dispositivo, ti baster\u00e0 accedere a Rummy Plus cliccare sull\u2019icona shop e scegliere la categoria Abbonamenti.<\/p><p>Infine, ti baster\u00e0 cliccare il pulsante \u201cacquista\u201d su uno dei pacchetti abbonamento che preferisci.<\/p><p><span style=\"text-decoration: underline;\"><strong>Android:<\/strong><\/span><\/p><p>Per acquistare l\u2019abbonamento \u00e8 necessario aver impostato un metodo di pagamento sul dispositivo.<\/p><p>Come aggiungere un metodo di pagamento su smartphone Android:<\/p><ol><li style=\"list-style-type: none;\"><ol><li style=\"list-style-type: none;\"><ol><li>Apri l&#8217;app Google Play Store.<\/li><li>Tocca il tuo account in alto.<\/li><li>Tocca Pagamenti &amp; Abbonamenti<\/li><li>Tocca Metodo pagamento.<\/li><li>Tocca Aggiungi un metodo di pagamento.<\/li><li>Scegli il metodo di pagamento che vuoi aggiungere.<\/li><li>Segui le istruzioni sullo schermo.<\/li><\/ol><\/li><\/ol><\/li><\/ol><p>Non appena il metodo di pagamento sar\u00e0 impostato sul dispositivo, ti baster\u00e0 accedere a Rummy Plus cliccare sull\u2019icona shop e scegliere la categoria Abbonamenti.<\/p><p>Infine, ti baster\u00e0 cliccare il pulsante \u201cacquista\u201d su uno dei pacchetti abbonamento che preferisci.<\/p><\/div>\n\t\t\t\t<\/div>\n\t\t\t\t\t\t\t<div class=\"elementor-toggle-item\">\n\t\t\t\t\t<div id=\"elementor-tab-title-1023\" class=\"elementor-tab-title\" data-tab=\"3\" role=\"button\" aria-controls=\"elementor-tab-content-1023\" aria-expanded=\"false\">\n\t\t\t\t\t\t\t\t\t\t\t\t<span class=\"elementor-toggle-icon elementor-toggle-icon-left\" aria-hidden=\"true\">\n\t\t\t\t\t\t\t\t\t\t\t\t\t\t\t<span class=\"elementor-toggle-icon-closed\"><i class=\"fas fa-caret-right\"><\/i><\/span>\n\t\t\t\t\t\t\t\t<span class=\"elementor-toggle-icon-opened\"><i class=\"elementor-toggle-icon-opened fas fa-caret-up\"><\/i><\/span>\n\t\t\t\t\t\t\t\t\t\t\t\t\t<\/span>\n\t\t\t\t\t\t\t\t\t\t\t\t<a class=\"elementor-toggle-title\" tabindex=\"0\">Quante partite posso giocare se non mi abbono?<\/a>\n\t\t\t\t\t<\/div>\n\n\t\t\t\t\t<div id=\"elementor-tab-content-1023\" class=\"elementor-tab-content elementor-clearfix\" data-tab=\"3\" role=\"region\" aria-labelledby=\"elementor-tab-title-1023\"><p>Puoi giocare 3 partite al giorno, dopodich\u00e9 puoi continuare a giocare guardando gli annunci pubblicitari, per un massimo di 25 volte.<\/p><\/div>\n\t\t\t\t<\/div>\n\t\t\t\t\t\t\t<div class=\"elementor-toggle-item\">\n\t\t\t\t\t<div id=\"elementor-tab-title-1024\" class=\"elementor-tab-title\" data-tab=\"4\" role=\"button\" aria-controls=\"elementor-tab-content-1024\" aria-expanded=\"false\">\n\t\t\t\t\t\t\t\t\t\t\t\t<span class=\"elementor-toggle-icon elementor-toggle-icon-left\" aria-hidden=\"true\">\n\t\t\t\t\t\t\t\t\t\t\t\t\t\t\t<span class=\"elementor-toggle-icon-closed\"><i class=\"fas fa-caret-right\"><\/i><\/span>\n\t\t\t\t\t\t\t\t<span class=\"elementor-toggle-icon-opened\"><i class=\"elementor-toggle-icon-opened fas fa-caret-up\"><\/i><\/span>\n\t\t\t\t\t\t\t\t\t\t\t\t\t<\/span>\n\t\t\t\t\t\t\t\t\t\t\t\t<a class=\"elementor-toggle-title\" tabindex=\"0\">Quale pacchetto di abbonamento offre Rummy Plus?<\/a>\n\t\t\t\t\t<\/div>\n\n\t\t\t\t\t<div id=\"elementor-tab-content-1024\" class=\"elementor-tab-content elementor-clearfix\" data-tab=\"4\" role=\"region\" aria-labelledby=\"elementor-tab-title-1024\"><p>Offriamo un solo tipo di abbonamento, ma con diverse durate:<\/p><ul><li>1 settimana<\/li><li>1 mese<\/li><li>3 mesi<\/li><li>6 mesi<\/li><li>12 mesi<\/li><\/ul><\/div>\n\t\t\t\t<\/div>\n\t\t\t\t\t\t\t<div class=\"elementor-toggle-item\">\n\t\t\t\t\t<div id=\"elementor-tab-title-1025\" class=\"elementor-tab-title\" data-tab=\"5\" role=\"button\" aria-controls=\"elementor-tab-content-1025\" aria-expanded=\"false\">\n\t\t\t\t\t\t\t\t\t\t\t\t<span class=\"elementor-toggle-icon elementor-toggle-icon-left\" aria-hidden=\"true\">\n\t\t\t\t\t\t\t\t\t\t\t\t\t\t\t<span class=\"elementor-toggle-icon-closed\"><i class=\"fas fa-caret-right\"><\/i><\/span>\n\t\t\t\t\t\t\t\t<span class=\"elementor-toggle-icon-opened\"><i class=\"elementor-toggle-icon-opened fas fa-caret-up\"><\/i><\/span>\n\t\t\t\t\t\t\t\t\t\t\t\t\t<\/span>\n\t\t\t\t\t\t\t\t\t\t\t\t<a class=\"elementor-toggle-title\" tabindex=\"0\">Ho acquistato l'abbonamento, ma non appare.<\/a>\n\t\t\t\t\t<\/div>\n\n\t\t\t\t\t<div id=\"elementor-tab-content-1025\" class=\"elementor-tab-content elementor-clearfix\" data-tab=\"5\" role=\"region\" aria-labelledby=\"elementor-tab-title-1025\"><p>Se hai acquistato un abbonamento ma non puoi usufruirne, inviaci un&#8217;e-mail all&#8217;indirizzo support@oryxtechs.com<\/p><\/div>\n\t\t\t\t<\/div>\n\t\t\t\t\t\t\t<div class=\"elementor-toggle-item\">\n\t\t\t\t\t<div id=\"elementor-tab-title-1026\" class=\"elementor-tab-title\" data-tab=\"6\" role=\"button\" aria-controls=\"elementor-tab-content-1026\" aria-expanded=\"false\">\n\t\t\t\t\t\t\t\t\t\t\t\t<span class=\"elementor-toggle-icon elementor-toggle-icon-left\" aria-hidden=\"true\">\n\t\t\t\t\t\t\t\t\t\t\t\t\t\t\t<span class=\"elementor-toggle-icon-closed\"><i class=\"fas fa-caret-right\"><\/i><\/span>\n\t\t\t\t\t\t\t\t<span class=\"elementor-toggle-icon-opened\"><i class=\"elementor-toggle-icon-opened fas fa-caret-up\"><\/i><\/span>\n\t\t\t\t\t\t\t\t\t\t\t\t\t<\/span>\n\t\t\t\t\t\t\t\t\t\t\t\t<a class=\"elementor-toggle-title\" tabindex=\"0\">Posso trasferire il mio abbonamento da un account a un altro? <\/a>\n\t\t\t\t\t<\/div>\n\n\t\t\t\t\t<div id=\"elementor-tab-content-1026\" class=\"elementor-tab-content elementor-clearfix\" data-tab=\"6\" role=\"region\" aria-labelledby=\"elementor-tab-title-1026\"><p>No<\/p><\/div>\n\t\t\t\t<\/div>\n\t\t\t\t\t\t\t<div class=\"elementor-toggle-item\">\n\t\t\t\t\t<div id=\"elementor-tab-title-1027\" class=\"elementor-tab-title\" data-tab=\"7\" role=\"button\" aria-controls=\"elementor-tab-content-1027\" aria-expanded=\"false\">\n\t\t\t\t\t\t\t\t\t\t\t\t<span class=\"elementor-toggle-icon elementor-toggle-icon-left\" aria-hidden=\"true\">\n\t\t\t\t\t\t\t\t\t\t\t\t\t\t\t<span class=\"elementor-toggle-icon-closed\"><i class=\"fas fa-caret-right\"><\/i><\/span>\n\t\t\t\t\t\t\t\t<span class=\"elementor-toggle-icon-opened\"><i class=\"elementor-toggle-icon-opened fas fa-caret-up\"><\/i><\/span>\n\t\t\t\t\t\t\t\t\t\t\t\t\t<\/span>\n\t\t\t\t\t\t\t\t\t\t\t\t<a class=\"elementor-toggle-title\" tabindex=\"0\">Se cancello l'abbonamento a un account tramite l'App Store, posso abbonare un nuovo account?<\/a>\n\t\t\t\t\t<\/div>\n\n\t\t\t\t\t<div id=\"elementor-tab-content-1027\" class=\"elementor-tab-content elementor-clearfix\" data-tab=\"7\" role=\"region\" aria-labelledby=\"elementor-tab-title-1027\"><p>No, per abbonare un altro account Rummy Plus, \u00e8 necessario creare un nuovo account Apple, impostarlo sull&#8217;App Store, cancellare e reinstallare l&#8217;app Rummy Plus, quindi accedere con il nuovo nickname per abbonarsi.<\/p><\/div>\n\t\t\t\t<\/div>\n\t\t\t\t\t\t\t<div class=\"elementor-toggle-item\">\n\t\t\t\t\t<div id=\"elementor-tab-title-1028\" class=\"elementor-tab-title\" data-tab=\"8\" role=\"button\" aria-controls=\"elementor-tab-content-1028\" aria-expanded=\"false\">\n\t\t\t\t\t\t\t\t\t\t\t\t<span class=\"elementor-toggle-icon elementor-toggle-icon-left\" aria-hidden=\"true\">\n\t\t\t\t\t\t\t\t\t\t\t\t\t\t\t<span class=\"elementor-toggle-icon-closed\"><i class=\"fas fa-caret-right\"><\/i><\/span>\n\t\t\t\t\t\t\t\t<span class=\"elementor-toggle-icon-opened\"><i class=\"elementor-toggle-icon-opened fas fa-caret-up\"><\/i><\/span>\n\t\t\t\t\t\t\t\t\t\t\t\t\t<\/span>\n\t\t\t\t\t\t\t\t\t\t\t\t<a class=\"elementor-toggle-title\" tabindex=\"0\">Come annullare l'abbonamento a Rummy Plus con un dispositivo Apple:<\/a>\n\t\t\t\t\t<\/div>\n\n\t\t\t\t\t<div id=\"elementor-tab-content-1028\" class=\"elementor-tab-content elementor-clearfix\" data-tab=\"8\" role=\"region\" aria-labelledby=\"elementor-tab-title-1028\"><ol><li>Apri Impostazioni.<\/li><li>Tocca il tuo nome.<\/li><li>Tocca Abbonamenti.<\/li><li>Tocca abbonamento.<\/li><li>Tocca Annulla abbonamento. Potrebbe essere necessario scorrere verso il basso per trovare il pulsante Annulla abbonamento. Se non c&#8217;\u00e8 un pulsante di annullamento o se viene visualizzato un messaggio di scadenza in rosso, l&#8217;abbonamento \u00e8 gi\u00e0 stato annullato.<\/li><\/ol><p><em>Nota Apple: l&#8217;annullamento dell&#8217;abbonamento non influisce sull&#8217;abbonamento acquistato per il primo account abbonato a Rummy Plus, e tutti i rinnovi e le nuove sottoscrizioni saranno sempre assegnati ad esso.<\/em><\/p><\/div>\n\t\t\t\t<\/div>\n\t\t\t\t\t\t\t<div class=\"elementor-toggle-item\">\n\t\t\t\t\t<div id=\"elementor-tab-title-1029\" class=\"elementor-tab-title\" data-tab=\"9\" role=\"button\" aria-controls=\"elementor-tab-content-1029\" aria-expanded=\"false\">\n\t\t\t\t\t\t\t\t\t\t\t\t<span class=\"elementor-toggle-icon elementor-toggle-icon-left\" aria-hidden=\"true\">\n\t\t\t\t\t\t\t\t\t\t\t\t\t\t\t<span class=\"elementor-toggle-icon-closed\"><i class=\"fas fa-caret-right\"><\/i><\/span>\n\t\t\t\t\t\t\t\t<span class=\"elementor-toggle-icon-opened\"><i class=\"elementor-toggle-icon-opened fas fa-caret-up\"><\/i><\/span>\n\t\t\t\t\t\t\t\t\t\t\t\t\t<\/span>\n\t\t\t\t\t\t\t\t\t\t\t\t<a class=\"elementor-toggle-title\" tabindex=\"0\">Come annullare l'abbonamento a Rummy Plus con un dispositivo Android:<\/a>\n\t\t\t\t\t<\/div>\n\n\t\t\t\t\t<div id=\"elementor-tab-content-1029\" class=\"elementor-tab-content elementor-clearfix\" data-tab=\"9\" role=\"region\" aria-labelledby=\"elementor-tab-title-1029\"><ol><li>Apri l&#8217;applicazione Google Play.<\/li><li>In alto a destra, tocca l&#8217;icona del profilo.<\/li><li>Tocca Pagamenti e abbonamenti &gt; Abbonamenti.<\/li><li>Seleziona l&#8217;abbonamento o il piano prepagato che si desidera annullare.<\/li><li>Tocca Annulla abbonamento.<\/li><li>Segui le istruzioni.<\/li><\/ol><p><em>Nota Android: l&#8217;annullamento dell&#8217;abbonamento non influisce sull&#8217;abbonamento acquistato per il primo account abbonato a Rummy Plus, e tutti i rinnovi e le nuove sottoscrizioni saranno sempre assegnati ad esso. Per effettuare un nuovo abbonamento per un altro account, \u00e8 necessario inserire un nuovo account sul Google Play Store o attendere la scadenza dell&#8217;abbonamento attuale.<\/em><\/p><\/div>\n\t\t\t\t<\/div>\n\t\t\t\t\t\t\t<div class=\"elementor-toggle-item\">\n\t\t\t\t\t<div id=\"elementor-tab-title-10210\" class=\"elementor-tab-title\" data-tab=\"10\" role=\"button\" aria-controls=\"elementor-tab-content-10210\" aria-expanded=\"false\">\n\t\t\t\t\t\t\t\t\t\t\t\t<span class=\"elementor-toggle-icon elementor-toggle-icon-left\" aria-hidden=\"true\">\n\t\t\t\t\t\t\t\t\t\t\t\t\t\t\t<span class=\"elementor-toggle-icon-closed\"><i class=\"fas fa-caret-right\"><\/i><\/span>\n\t\t\t\t\t\t\t\t<span class=\"elementor-toggle-icon-opened\"><i class=\"elementor-toggle-icon-opened fas fa-caret-up\"><\/i><\/span>\n\t\t\t\t\t\t\t\t\t\t\t\t\t<\/span>\n\t\t\t\t\t\t\t\t\t\t\t\t<a class=\"elementor-toggle-title\" tabindex=\"0\">Ho gi\u00e0 sottoscritto tramite il mio account Google Play Store il mio account Rummy Plus, posso sottoscrivere un secondo account?<\/a>\n\t\t\t\t\t<\/div>\n\n\t\t\t\t\t<div id=\"elementor-tab-content-10210\" class=\"elementor-tab-content elementor-clearfix\" data-tab=\"10\" role=\"region\" aria-labelledby=\"elementor-tab-title-10210\"><div class=\"group w-full text-token-text-primary border-b border-black\/10 gizmo:border-0 dark:border-gray-900\/50 gizmo:dark:border-0 bg-gray-50 gizmo:bg-transparent dark:bg-[#444654] gizmo:dark:bg-transparent\" data-testid=\"conversation-turn-45\"><div class=\"p-4 gizmo:py-2 justify-center text-base md:gap-6 md:py-6 m-auto\"><div class=\"flex flex-1 gap-4 text-base mx-auto md:gap-6 gizmo:gap-3 gizmo:md:px-5 gizmo:lg:px-1 gizmo:xl:px-5 md:max-w-2xl lg:max-w-[38rem] gizmo:md:max-w-3xl gizmo:lg:max-w-[40rem] gizmo:xl:max-w-[48rem] xl:max-w-3xl }\"><div class=\"relative flex w-[calc(100%-50px)] flex-col gizmo:w-full lg:w-[calc(100%-115px)] agent-turn\"><div class=\"flex-col gap-1 md:gap-3\"><div class=\"flex flex-grow flex-col max-w-full gap-3 gizmo:gap-0\"><div class=\"min-h-[20px] text-message peer flex flex-col items-start gap-3 whitespace-pre-wrap break-words peer-[.text-message]:mt-5 overflow-x-auto\" data-message-author-role=\"assistant\" data-message-id=\"27274c94-68c6-4852-9650-75a2c531a2f7\"><div class=\"markdown prose w-full break-words dark:prose-invert light\"><p>Per effettuare un nuovo abbonamento per un altro account, \u00e8 necessario inserire un nuovo account sul Google Play Store o attendere la scadenza dell&#8217;abbonamento attuale.<\/p><\/div><\/div><\/div><\/div><\/div><\/div><\/div><\/div><\/div>\n\t\t\t\t<\/div>\n\t\t\t\t\t\t\t\t<\/div>\n\t\t\t\t\t\t<\/div>\n\t\t\t\t<\/div>\n\t\t\t\t\t<\/div>\n\t\t<\/div>\n\t\t\t\t<div class=\"elementor-column elementor-col-50 elementor-top-column elementor-element elementor-element-17d3ee90 sc_inner_width_none sc_content_align_inherit sc_layouts_column_icons_position_left sc_fly_static\" data-id=\"17d3ee90\" data-element_type=\"column\" data-e-type=\"column\">\n\t\t\t<div class=\"elementor-widget-wrap elementor-element-populated\">\n\t\t\t\t\t\t<div class=\"elementor-element elementor-element-6d50d603 sc_fly_static elementor-widget elementor-widget-trx_sc_layouts_menu\" data-id=\"6d50d603\" data-element_type=\"widget\" data-e-type=\"widget\" data-widget_type=\"trx_sc_layouts_menu.default\">\n\t\t\t\t<div class=\"elementor-widget-container\">\n\t\t\t\t\t<nav class=\"sc_layouts_menu sc_layouts_menu_default sc_layouts_menu_dir_vertical sc_layouts_submenu_popup menu_hover_fade\" data-animation-in=\"fadeIn\" data-animation-out=\"fadeOut\" ><ul id=\"sc_layouts_menu_1706802752\" class=\"sc_layouts_menu_nav\"><li id=\"menu-item-28197\" class=\"menu-item menu-item-type-post_type menu-item-object-page menu-item-28197\"><a href=\"https:\/\/www.ramino.plus\/it\/come-iniziare\/\"><span>\u2724 Come iniziare<\/span><\/a><\/li><li id=\"menu-item-28195\" class=\"menu-item menu-item-type-post_type menu-item-object-page menu-item-28195\"><a href=\"https:\/\/www.ramino.plus\/it\/gestione-degli-account\/\"><span>\u2724 Gestione degli account<\/span><\/a><\/li><li id=\"menu-item-28196\" class=\"menu-item menu-item-type-post_type menu-item-object-page menu-item-28196\"><a href=\"https:\/\/www.ramino.plus\/it\/gioco-e-regole\/\"><span>\u2724 Gioco e Regole<\/span><\/a><\/li><li id=\"menu-item-28192\" class=\"menu-item menu-item-type-post_type menu-item-object-page menu-item-28192\"><a href=\"https:\/\/www.ramino.plus\/it\/partite-e-impostazioni\/\"><span>\u2724 Partite e Impostazioni<\/span><\/a><\/li><li id=\"menu-item-28194\" class=\"menu-item menu-item-type-post_type menu-item-object-page menu-item-28194\"><a href=\"https:\/\/www.ramino.plus\/it\/gestione-e-caratteristiche-del-club\/\"><span>\u2724 Gestione e caratteristiche del club<\/span><\/a><\/li><li id=\"menu-item-28193\" class=\"menu-item menu-item-type-post_type menu-item-object-page menu-item-28193\"><a href=\"https:\/\/www.ramino.plus\/it\/interazioni-sociali-e-caratteristiche\/\"><span>\u2724 Interazioni sociali e caratteristiche<\/span><\/a><\/li><li id=\"menu-item-28191\" class=\"menu-item menu-item-type-post_type menu-item-object-page menu-item-28191\"><a href=\"https:\/\/www.ramino.plus\/it\/vantaggi-e-informazioni-sullabbonamento\/\"><span>\u2724 Vantaggi e informazioni sull\u2019abbonamento<\/span><\/a><\/li><li id=\"menu-item-28190\" class=\"menu-item menu-item-type-post_type menu-item-object-page menu-item-28190\"><a href=\"https:\/\/www.ramino.plus\/it\/shop-it\/\"><span>\u2724 Shop<\/span><\/a><\/li><\/ul><\/nav>\t\t\t\t<\/div>\n\t\t\t\t<\/div>\n\t\t\t\t\t<\/div>\n\t\t<\/div>\n\t\t\t\t\t<\/div>\n\t\t<\/section>\n\t\t\t\t<\/div>\n\t\t","protected":false},"excerpt":{"rendered":"<p>Vantaggi e informazioni sull&#8217;abbonamento Quali sono i vantaggi dell&#8217;abbonamento? L&#8217;acquisto di un abbonamento sblocca automaticamente tutte le funzioni di Rummy Plus, offre partite illimitate e molto altro ancora: Partite illimitate&hellip;<\/p>\n","protected":false},"author":1,"featured_media":0,"parent":0,"menu_order":0,"comment_status":"closed","ping_status":"closed","template":"","meta":{"footnotes":""},"class_list":["post-28174","page","type-page","status-publish","hentry"],"_links":{"self":[{"href":"https:\/\/www.ramino.plus\/it\/wp-json\/wp\/v2\/pages\/28174","targetHints":{"allow":["GET"]}}],"collection":[{"href":"https:\/\/www.ramino.plus\/it\/wp-json\/wp\/v2\/pages"}],"about":[{"href":"https:\/\/www.ramino.plus\/it\/wp-json\/wp\/v2\/types\/page"}],"author":[{"embeddable":true,"href":"https:\/\/www.ramino.plus\/it\/wp-json\/wp\/v2\/users\/1"}],"replies":[{"embeddable":true,"href":"https:\/\/www.ramino.plus\/it\/wp-json\/wp\/v2\/comments?post=28174"}],"version-history":[{"count":7,"href":"https:\/\/www.ramino.plus\/it\/wp-json\/wp\/v2\/pages\/28174\/revisions"}],"predecessor-version":[{"id":30147,"href":"https:\/\/www.ramino.plus\/it\/wp-json\/wp\/v2\/pages\/28174\/revisions\/30147"}],"wp:attachment":[{"href":"https:\/\/www.ramino.plus\/it\/wp-json\/wp\/v2\/media?parent=28174"}],"curies":[{"name":"wp","href":"https:\/\/api.w.org\/{rel}","templated":true}]}}