{"id":26126,"date":"2023-11-06T13:10:34","date_gmt":"2023-11-06T13:10:34","guid":{"rendered":"https:\/\/www.ramino.plus\/regole-etiche\/"},"modified":"2026-01-07T11:52:51","modified_gmt":"2026-01-07T11:52:51","slug":"regole-etiche","status":"publish","type":"page","link":"https:\/\/www.ramino.plus\/it\/regole-etiche\/","title":{"rendered":"Regole Etiche"},"content":{"rendered":"\t\t<div data-elementor-type=\"wp-page\" data-elementor-id=\"26126\" class=\"elementor elementor-26126 elementor-26015\">\n\t\t\t\t\t\t<section class=\"elementor-section elementor-top-section elementor-element elementor-element-e67dc18 elementor-section-boxed elementor-section-height-default elementor-section-height-default sc_fly_static\" data-id=\"e67dc18\" data-element_type=\"section\" data-e-type=\"section\">\n\t\t\t\t\t\t<div class=\"elementor-container elementor-column-gap-extended\">\n\t\t\t\t\t<div class=\"elementor-column elementor-col-100 elementor-top-column elementor-element elementor-element-09214cc sc_inner_width_none sc_content_align_inherit sc_layouts_column_icons_position_left sc_fly_static\" data-id=\"09214cc\" data-element_type=\"column\" data-e-type=\"column\">\n\t\t\t<div class=\"elementor-widget-wrap elementor-element-populated\">\n\t\t\t\t\t\t<div class=\"elementor-element elementor-element-557c424 sc_fly_static elementor-widget elementor-widget-heading\" data-id=\"557c424\" data-element_type=\"widget\" data-e-type=\"widget\" data-widget_type=\"heading.default\">\n\t\t\t\t<div class=\"elementor-widget-container\">\n\t\t\t\t\t<h2 class=\"elementor-heading-title elementor-size-default\">Regole Etiche<\/h2>\t\t\t\t<\/div>\n\t\t\t\t<\/div>\n\t\t\t\t\t<\/div>\n\t\t<\/div>\n\t\t\t\t\t<\/div>\n\t\t<\/section>\n\t\t\t\t<section class=\"elementor-section elementor-top-section elementor-element elementor-element-ca35543 elementor-section-boxed elementor-section-height-default elementor-section-height-default sc_fly_static\" data-id=\"ca35543\" data-element_type=\"section\" data-e-type=\"section\">\n\t\t\t\t\t\t<div class=\"elementor-container elementor-column-gap-extended\">\n\t\t\t\t\t<div class=\"elementor-column elementor-col-100 elementor-top-column elementor-element elementor-element-d2f99aa sc_inner_width_none sc_content_align_inherit sc_layouts_column_icons_position_left sc_fly_static\" data-id=\"d2f99aa\" data-element_type=\"column\" data-e-type=\"column\">\n\t\t\t<div class=\"elementor-widget-wrap elementor-element-populated\">\n\t\t\t\t\t\t<div class=\"elementor-element elementor-element-5834930 sc_fly_static elementor-widget elementor-widget-text-editor\" data-id=\"5834930\" data-element_type=\"widget\" data-e-type=\"widget\" data-widget_type=\"text-editor.default\">\n\t\t\t\t<div class=\"elementor-widget-container\">\n\t\t\t\t\t\t\t\t\t<p>RummyPlus \u00e8 un&#8217;applicazione aperta a tutti indistintamente; pertanto, ricordiamo agli utenti di mantenere un normale comportamento civico sulla chat e ai tavoli di gioco. Le regole comportamentali che seguono costituiscono una guida etica minima ma essenziale per tutti i giocatori che desiderano partecipare alle attivit\u00e0 ludiche e non ludiche del sito.<\/p>\t\t\t\t\t\t\t\t<\/div>\n\t\t\t\t<\/div>\n\t\t\t\t\t<\/div>\n\t\t<\/div>\n\t\t\t\t\t<\/div>\n\t\t<\/section>\n\t\t\t\t<section class=\"elementor-section elementor-top-section elementor-element elementor-element-a0d7dfc elementor-section-boxed elementor-section-height-default elementor-section-height-default sc_fly_static\" data-id=\"a0d7dfc\" data-element_type=\"section\" data-e-type=\"section\">\n\t\t\t\t\t\t<div class=\"elementor-container elementor-column-gap-extended\">\n\t\t\t\t\t<div class=\"elementor-column elementor-col-50 elementor-top-column elementor-element elementor-element-111bd90 sc_inner_width_none sc_content_align_inherit sc_layouts_column_icons_position_left sc_fly_static\" data-id=\"111bd90\" data-element_type=\"column\" data-e-type=\"column\">\n\t\t\t<div class=\"elementor-widget-wrap elementor-element-populated\">\n\t\t\t\t\t\t<div class=\"elementor-element elementor-element-ddc4850 sc_fly_static elementor-widget elementor-widget-toggle\" data-id=\"ddc4850\" data-element_type=\"widget\" data-e-type=\"widget\" data-widget_type=\"toggle.default\">\n\t\t\t\t<div class=\"elementor-widget-container\">\n\t\t\t\t\t\t\t<div class=\"elementor-toggle\">\n\t\t\t\t\t\t\t<div class=\"elementor-toggle-item\">\n\t\t\t\t\t<div id=\"elementor-tab-title-2321\" class=\"elementor-tab-title\" data-tab=\"1\" role=\"button\" aria-controls=\"elementor-tab-content-2321\" aria-expanded=\"false\">\n\t\t\t\t\t\t\t\t\t\t\t\t<span class=\"elementor-toggle-icon elementor-toggle-icon-left\" aria-hidden=\"true\">\n\t\t\t\t\t\t\t\t\t\t\t\t\t\t\t<span class=\"elementor-toggle-icon-closed\"><i class=\"fas fa-caret-right\"><\/i><\/span>\n\t\t\t\t\t\t\t\t<span class=\"elementor-toggle-icon-opened\"><i class=\"elementor-toggle-icon-opened fas fa-caret-up\"><\/i><\/span>\n\t\t\t\t\t\t\t\t\t\t\t\t\t<\/span>\n\t\t\t\t\t\t\t\t\t\t\t\t<a class=\"elementor-toggle-title\" tabindex=\"0\">ART. 1<\/a>\n\t\t\t\t\t<\/div>\n\n\t\t\t\t\t<div id=\"elementor-tab-content-2321\" class=\"elementor-tab-content elementor-clearfix\" data-tab=\"1\" role=\"region\" aria-labelledby=\"elementor-tab-title-2321\"><p><strong>All&#8217;interno della chat sono severamente vietati i seguenti comportamenti:<\/strong><\/p><ul><li>Messaggi che promuovono l&#8217;uso di droghe, alcool, pornografia o qualsiasi altro contenuto esclusivamente per adulti, frodi, truffe o qualsiasi attivit\u00e0 non conforme alla legge italiana o comunque contraria all&#8217;ordine pubblico, alla morale e alla pubblica decenza.<\/li><li>Insulti personali tra utenti.<\/li><li>Offese alle istituzioni o alla religione di qualsiasi fede.<\/li><li>L&#8217;incitamento all&#8217;inosservanza di queste regole mira esclusivamente a destabilizzare la normale e pacifica partecipazione al forum.<\/li><li>Volgarit\u00e0 di qualsiasi tipo.<\/li><\/ul><\/div>\n\t\t\t\t<\/div>\n\t\t\t\t\t\t\t<div class=\"elementor-toggle-item\">\n\t\t\t\t\t<div id=\"elementor-tab-title-2322\" class=\"elementor-tab-title\" data-tab=\"2\" role=\"button\" aria-controls=\"elementor-tab-content-2322\" aria-expanded=\"false\">\n\t\t\t\t\t\t\t\t\t\t\t\t<span class=\"elementor-toggle-icon elementor-toggle-icon-left\" aria-hidden=\"true\">\n\t\t\t\t\t\t\t\t\t\t\t\t\t\t\t<span class=\"elementor-toggle-icon-closed\"><i class=\"fas fa-caret-right\"><\/i><\/span>\n\t\t\t\t\t\t\t\t<span class=\"elementor-toggle-icon-opened\"><i class=\"elementor-toggle-icon-opened fas fa-caret-up\"><\/i><\/span>\n\t\t\t\t\t\t\t\t\t\t\t\t\t<\/span>\n\t\t\t\t\t\t\t\t\t\t\t\t<a class=\"elementor-toggle-title\" tabindex=\"0\">ART. 2<\/a>\n\t\t\t\t\t<\/div>\n\n\t\t\t\t\t<div id=\"elementor-tab-content-2322\" class=\"elementor-tab-content elementor-clearfix\" data-tab=\"2\" role=\"region\" aria-labelledby=\"elementor-tab-title-2322\"><p><strong>Sono vietate le seguenti attivit\u00e0:<\/strong><\/p><ul><li>razzismo<\/li><li>odio<\/li><li>e qualsiasi promozione dell&#8217;inferiorit\u00e0 o superiorit\u00e0 di una razza rispetto alle altre.<\/li><\/ul><\/div>\n\t\t\t\t<\/div>\n\t\t\t\t\t\t\t<div class=\"elementor-toggle-item\">\n\t\t\t\t\t<div id=\"elementor-tab-title-2323\" class=\"elementor-tab-title\" data-tab=\"3\" role=\"button\" aria-controls=\"elementor-tab-content-2323\" aria-expanded=\"false\">\n\t\t\t\t\t\t\t\t\t\t\t\t<span class=\"elementor-toggle-icon elementor-toggle-icon-left\" aria-hidden=\"true\">\n\t\t\t\t\t\t\t\t\t\t\t\t\t\t\t<span class=\"elementor-toggle-icon-closed\"><i class=\"fas fa-caret-right\"><\/i><\/span>\n\t\t\t\t\t\t\t\t<span class=\"elementor-toggle-icon-opened\"><i class=\"elementor-toggle-icon-opened fas fa-caret-up\"><\/i><\/span>\n\t\t\t\t\t\t\t\t\t\t\t\t\t<\/span>\n\t\t\t\t\t\t\t\t\t\t\t\t<a class=\"elementor-toggle-title\" tabindex=\"0\">ART. 3<\/a>\n\t\t\t\t\t<\/div>\n\n\t\t\t\t\t<div id=\"elementor-tab-content-2323\" class=\"elementor-tab-content elementor-clearfix\" data-tab=\"3\" role=\"region\" aria-labelledby=\"elementor-tab-title-2323\"><p><strong>Inoltre, non sono consentiti o tollerati i seguenti comportamenti:<\/strong><\/p><ul><li>Argomenti ritenuti non adatti allo spirito della chat, contrari al buon gusto e al pudore, o in grado di offendere la sensibilit\u00e0 di altri utenti.<\/li><li>La pubblicazione e\/o la richiesta di immagini, video e link considerati osceni, offensivi o di natura sessuale per la sensibilit\u00e0 degli individui.<\/li><li>Marketing in qualsiasi forma di beni, prodotti o servizi.<\/li><li>Argomenti politici o di propaganda relativi a qualsiasi ideologia o movimento.<\/li><\/ul><\/div>\n\t\t\t\t<\/div>\n\t\t\t\t\t\t\t\t<\/div>\n\t\t\t\t\t\t<\/div>\n\t\t\t\t<\/div>\n\t\t\t\t\t<\/div>\n\t\t<\/div>\n\t\t\t\t<div class=\"elementor-column elementor-col-50 elementor-top-column elementor-element elementor-element-12be8d1 sc_inner_width_none sc_content_align_inherit sc_layouts_column_icons_position_left sc_fly_static\" data-id=\"12be8d1\" data-element_type=\"column\" data-e-type=\"column\">\n\t\t\t<div class=\"elementor-widget-wrap elementor-element-populated\">\n\t\t\t\t\t\t<div class=\"elementor-element elementor-element-9cb307b sc_fly_static elementor-widget elementor-widget-toggle\" data-id=\"9cb307b\" data-element_type=\"widget\" data-e-type=\"widget\" data-widget_type=\"toggle.default\">\n\t\t\t\t<div class=\"elementor-widget-container\">\n\t\t\t\t\t\t\t<div class=\"elementor-toggle\">\n\t\t\t\t\t\t\t<div class=\"elementor-toggle-item\">\n\t\t\t\t\t<div id=\"elementor-tab-title-1641\" class=\"elementor-tab-title\" data-tab=\"1\" role=\"button\" aria-controls=\"elementor-tab-content-1641\" aria-expanded=\"false\">\n\t\t\t\t\t\t\t\t\t\t\t\t<span class=\"elementor-toggle-icon elementor-toggle-icon-left\" aria-hidden=\"true\">\n\t\t\t\t\t\t\t\t\t\t\t\t\t\t\t<span class=\"elementor-toggle-icon-closed\"><i class=\"fas fa-caret-right\"><\/i><\/span>\n\t\t\t\t\t\t\t\t<span class=\"elementor-toggle-icon-opened\"><i class=\"elementor-toggle-icon-opened fas fa-caret-up\"><\/i><\/span>\n\t\t\t\t\t\t\t\t\t\t\t\t\t<\/span>\n\t\t\t\t\t\t\t\t\t\t\t\t<a class=\"elementor-toggle-title\" tabindex=\"0\">ART. 4<\/a>\n\t\t\t\t\t<\/div>\n\n\t\t\t\t\t<div id=\"elementor-tab-content-1641\" class=\"elementor-tab-content elementor-clearfix\" data-tab=\"1\" role=\"region\" aria-labelledby=\"elementor-tab-title-1641\"><p><strong>\u00c8 inoltre vietato:<\/strong><\/p>\n<ul>\n<li>Spammare.<\/li>\n<li>Incitare altri utenti ad abbandonare il sito.<\/li>\n<li>Incitare o facilitare l&#8217;uso di software illegale.<\/li>\n<li>Incitare o sostenere qualsiasi comportamento volto a violare o aggirare il copyright e le leggi sul diritto d&#8217;autore.<\/li>\n<li>Pubblicare e\/o richiedere codici seriali di software commerciale.<\/li>\n<li>Pubblicare e\/o richiedere link a siti warez contenenti materiali che violano il copyright e le leggi sul diritto d&#8217;autore.<\/li>\n<\/ul>\n<\/div>\n\t\t\t\t<\/div>\n\t\t\t\t\t\t\t<div class=\"elementor-toggle-item\">\n\t\t\t\t\t<div id=\"elementor-tab-title-1642\" class=\"elementor-tab-title\" data-tab=\"2\" role=\"button\" aria-controls=\"elementor-tab-content-1642\" aria-expanded=\"false\">\n\t\t\t\t\t\t\t\t\t\t\t\t<span class=\"elementor-toggle-icon elementor-toggle-icon-left\" aria-hidden=\"true\">\n\t\t\t\t\t\t\t\t\t\t\t\t\t\t\t<span class=\"elementor-toggle-icon-closed\"><i class=\"fas fa-caret-right\"><\/i><\/span>\n\t\t\t\t\t\t\t\t<span class=\"elementor-toggle-icon-opened\"><i class=\"elementor-toggle-icon-opened fas fa-caret-up\"><\/i><\/span>\n\t\t\t\t\t\t\t\t\t\t\t\t\t<\/span>\n\t\t\t\t\t\t\t\t\t\t\t\t<a class=\"elementor-toggle-title\" tabindex=\"0\">ART. 5<\/a>\n\t\t\t\t\t<\/div>\n\n\t\t\t\t\t<div id=\"elementor-tab-content-1642\" class=\"elementor-tab-content elementor-clearfix\" data-tab=\"2\" role=\"region\" aria-labelledby=\"elementor-tab-title-1642\"><p><strong>In ogni caso, qualsiasi comportamento contrario all&#8217;etica e alla sportivit\u00e0 \u00e8 proibito nel contesto dei giochi, inclusi, ma non solo, i seguenti:<\/strong><\/p>\n<ul>\n<li>Creare pi\u00f9 account per aumentare la posizione in classifica di un singolo utente.<\/li>\n<li>Perdere o abbandonare deliberatamente le partite per dare punti agli avversari.<\/li>\n<li>Ingannare ripetutamente e continuamente il compagno di gioco con informazioni false.<\/li>\n<li>Utilizzo di programmi o metodi non autorizzati specificamente progettati per vincere le partite ed escludere qualsiasi elemento legato all&#8217;abilit\u00e0 del giocatore.<\/li>\n<li>Collaborare con un avversario per manipolare i risultati delle partite.<\/li>\n<\/ul>\n<\/div>\n\t\t\t\t<\/div>\n\t\t\t\t\t\t\t<div class=\"elementor-toggle-item\">\n\t\t\t\t\t<div id=\"elementor-tab-title-1643\" class=\"elementor-tab-title\" data-tab=\"3\" role=\"button\" aria-controls=\"elementor-tab-content-1643\" aria-expanded=\"false\">\n\t\t\t\t\t\t\t\t\t\t\t\t<span class=\"elementor-toggle-icon elementor-toggle-icon-left\" aria-hidden=\"true\">\n\t\t\t\t\t\t\t\t\t\t\t\t\t\t\t<span class=\"elementor-toggle-icon-closed\"><i class=\"fas fa-caret-right\"><\/i><\/span>\n\t\t\t\t\t\t\t\t<span class=\"elementor-toggle-icon-opened\"><i class=\"elementor-toggle-icon-opened fas fa-caret-up\"><\/i><\/span>\n\t\t\t\t\t\t\t\t\t\t\t\t\t<\/span>\n\t\t\t\t\t\t\t\t\t\t\t\t<a class=\"elementor-toggle-title\" tabindex=\"0\">ART. 6<\/a>\n\t\t\t\t\t<\/div>\n\n\t\t\t\t\t<div id=\"elementor-tab-content-1643\" class=\"elementor-tab-content elementor-clearfix\" data-tab=\"3\" role=\"region\" aria-labelledby=\"elementor-tab-title-1643\"><p>Sar\u00e0 responsabilit\u00e0 esclusiva dello staff stabilire quando questi limiti vengono superati e prendere i provvedimenti del caso (sospensione dell&#8217;utente, rimozione della chat e, nei casi pi\u00f9 gravi, esclusione dell&#8217;utente dall&#8217;app). Il lavoro dei moderatori \u00e8 definitivo e pu\u00f2 essere rivisto solo dall&#8217;amministratore del sito. Tuttavia, gli utenti possono chiedere spiegazioni, ma non all&#8217;interno dello spazio pubblico della chat. Eventuali controversie devono essere affrontate via e-mail<a href=\"mailto:support@oryxtechs.com\" target=\"_new\">(support@oryxtechs.com)<\/a>. Tutte le discussioni in chat che comportano controversie in modo conflittuale saranno prontamente chiuse. Chi persiste in questo comportamento sar\u00e0 immediatamente allontanato dalla chat a discrezione dello staff.<\/p>\n<\/div>\n\t\t\t\t<\/div>\n\t\t\t\t\t\t\t\t<\/div>\n\t\t\t\t\t\t<\/div>\n\t\t\t\t<\/div>\n\t\t\t\t\t<\/div>\n\t\t<\/div>\n\t\t\t\t\t<\/div>\n\t\t<\/section>\n\t\t\t\t<section class=\"elementor-section elementor-top-section elementor-element elementor-element-1b78c65 elementor-section-boxed elementor-section-height-default elementor-section-height-default sc_fly_static\" data-id=\"1b78c65\" data-element_type=\"section\" data-e-type=\"section\">\n\t\t\t\t\t\t<div class=\"elementor-container elementor-column-gap-extended\">\n\t\t\t\t\t<div class=\"elementor-column elementor-col-100 elementor-top-column elementor-element elementor-element-0498f6b sc_inner_width_none sc_content_align_inherit sc_layouts_column_icons_position_left sc_fly_static\" data-id=\"0498f6b\" data-element_type=\"column\" data-e-type=\"column\">\n\t\t\t<div class=\"elementor-widget-wrap elementor-element-populated\">\n\t\t\t\t\t\t<div class=\"elementor-element elementor-element-7917cfa sc_fly_static elementor-widget elementor-widget-text-editor\" data-id=\"7917cfa\" data-element_type=\"widget\" data-e-type=\"widget\" data-widget_type=\"text-editor.default\">\n\t\t\t\t<div class=\"elementor-widget-container\">\n\t\t\t\t\t\t\t\t\t<p><strong>Nota:<\/strong> considerando la natura dinamica della chat e i suoi continui cambiamenti, \u00e8 impossibile verificare ogni messaggio. Pertanto, chiediamo la collaborazione degli utenti in caso di violazione del regolamento. Se altri utenti non rispettano queste regole o se c&#8217;\u00e8 una totale inattivit\u00e0 da parte dei moderatori, vi preghiamo di contattarci immediatamente via e-mail all&#8217;indirizzo <a href=\"mailto:support@oryxtechs.com\" target=\"_new\">support@oryxtechs.com<\/a> e di richiedere la rimozione dei messaggi incriminati o l&#8217;esclusione dell&#8217;utente. \u00c8 importante notare che, sebbene la nostra applicazione sia dotata di un sistema di censura, come qualsiasi altro sistema, pu\u00f2 avere dei limiti e delle vulnerabilit\u00e0. In caso di verifica positiva, i trasgressori perderanno il loro status di utenti, rischieranno la sospensione e, nei casi pi\u00f9 gravi, potranno essere esclusi dallo staff.<\/p>\n\t\t\t\t\t\t\t\t<\/div>\n\t\t\t\t<\/div>\n\t\t\t\t\t<\/div>\n\t\t<\/div>\n\t\t\t\t\t<\/div>\n\t\t<\/section>\n\t\t\t\t<\/div>\n\t\t","protected":false},"excerpt":{"rendered":"<p>Regole Etiche RummyPlus \u00e8 un&#8217;applicazione aperta a tutti indistintamente; pertanto, ricordiamo agli utenti di mantenere un normale comportamento civico sulla chat e ai tavoli di gioco. Le regole comportamentali che&hellip;<\/p>\n","protected":false},"author":1,"featured_media":0,"parent":0,"menu_order":0,"comment_status":"closed","ping_status":"closed","template":"","meta":{"footnotes":""},"class_list":["post-26126","page","type-page","status-publish","hentry"],"_links":{"self":[{"href":"https:\/\/www.ramino.plus\/it\/wp-json\/wp\/v2\/pages\/26126","targetHints":{"allow":["GET"]}}],"collection":[{"href":"https:\/\/www.ramino.plus\/it\/wp-json\/wp\/v2\/pages"}],"about":[{"href":"https:\/\/www.ramino.plus\/it\/wp-json\/wp\/v2\/types\/page"}],"author":[{"embeddable":true,"href":"https:\/\/www.ramino.plus\/it\/wp-json\/wp\/v2\/users\/1"}],"replies":[{"embeddable":true,"href":"https:\/\/www.ramino.plus\/it\/wp-json\/wp\/v2\/comments?post=26126"}],"version-history":[{"count":5,"href":"https:\/\/www.ramino.plus\/it\/wp-json\/wp\/v2\/pages\/26126\/revisions"}],"predecessor-version":[{"id":29903,"href":"https:\/\/www.ramino.plus\/it\/wp-json\/wp\/v2\/pages\/26126\/revisions\/29903"}],"wp:attachment":[{"href":"https:\/\/www.ramino.plus\/it\/wp-json\/wp\/v2\/media?parent=26126"}],"curies":[{"name":"wp","href":"https:\/\/api.w.org\/{rel}","templated":true}]}}